{"id":13,"date":"2025-12-20T13:01:21","date_gmt":"2025-12-20T12:01:21","guid":{"rendered":"https:\/\/moondancingmusic.com\/?page_id=13"},"modified":"2026-03-17T16:37:17","modified_gmt":"2026-03-17T15:37:17","slug":"main","status":"publish","type":"page","link":"https:\/\/moondancingmusic.com\/","title":{"rendered":"main"},"content":{"rendered":"\n<h1 class=\"wp-block-heading has-text-align-center is-style-default has-text-color has-link-color has-fredoka-font-family wp-elements-51690f118cdfff2bf56b0ca68cc13a0c\" style=\"color:#fb00c7;padding-top:var(--wp--preset--spacing--80);padding-bottom:var(--wp--preset--spacing--80);font-size:clamp(54.054px, 3.378rem + ((1vw - 3.2px) * 5.485), 110px);font-style:normal;font-weight:700;line-height:0\">THE KANJI<\/h1>\n\n\n\n<p class=\".text has-roboto-font-family\" style=\"padding-top:var(--wp--preset--spacing--30);padding-bottom:var(--wp--preset--spacing--30);font-size:clamp(16.834px, 1.052rem + ((1vw - 3.2px) * 0.899), 26px);font-style:normal;font-weight:400\">The Kanji is a Poland based project going beyond the genre pigeonhole, offering a unique, highly reflective take on the themes of vulnerability, emotional state and self-discovery. A stream of consciousness expressed in low frequencies and high BPMs with an experimental twist. For those who seek authenticity, depth and find beauty in the constant evolution of the distinctive sound.&nbsp;<\/p>\n\n\n\n<figure class=\"wp-block-image size-large\" style=\"margin-top:var(--wp--preset--spacing--30);margin-bottom:var(--wp--preset--spacing--30)\"><img loading=\"lazy\" decoding=\"async\" width=\"1024\" height=\"1024\" src=\"https:\/\/moondancingmusic.com\/wp-content\/uploads\/2026\/02\/bass-1024x1024.jpg\" alt=\"\" class=\"wp-image-731\" srcset=\"https:\/\/moondancingmusic.com\/wp-content\/uploads\/2026\/02\/bass-1024x1024.jpg 1024w, https:\/\/moondancingmusic.com\/wp-content\/uploads\/2026\/02\/bass-300x300.jpg 300w, https:\/\/moondancingmusic.com\/wp-content\/uploads\/2026\/02\/bass-150x150.jpg 150w, https:\/\/moondancingmusic.com\/wp-content\/uploads\/2026\/02\/bass-768x768.jpg 768w, https:\/\/moondancingmusic.com\/wp-content\/uploads\/2026\/02\/bass-1536x1536.jpg 1536w, https:\/\/moondancingmusic.com\/wp-content\/uploads\/2026\/02\/bass-2048x2048.jpg 2048w\" sizes=\"auto, (max-width: 1024px) 100vw, 1024px\" \/><\/figure>\n\n\n\n<p class=\".text has-roboto-font-family\" style=\"padding-top:var(--wp--preset--spacing--30);padding-bottom:var(--wp--preset--spacing--30);font-size:clamp(16.834px, 1.052rem + ((1vw - 3.2px) * 0.899), 26px);font-style:normal;font-weight:400\">This could be a feeling. An extreme. A conversation. A state of peace. You can dance, you can be emotional. Feel euphoria. Contemplate. And with strangers on the dance floor you come as one. Surrender to hypnotic rhythms, an eclectic mix of worlds that seemingly do not fit together. However, if you delve deeper into the sound, you will discover the feeling you have always craved. Whether it&#8217;s dancing to ambient soundscapes or crying to pure dance floor ecstasy. A vessel for what you need it to be.<\/p>\n\n\n\n<figure class=\"wp-block-image\" style=\"margin-top:var(--wp--preset--spacing--30);margin-bottom:var(--wp--preset--spacing--30)\"><img decoding=\"async\" src=\"https:\/\/moondancingmusic.com\/wp-content\/uploads\/2026\/01\/md-pink-evening.jpg\" alt=\"\"\/><\/figure>\n\n\n\n<p class=\".text has-roboto-font-family\" style=\"padding-top:var(--wp--preset--spacing--30);padding-bottom:var(--wp--preset--spacing--30);font-size:clamp(16.834px, 1.052rem + ((1vw - 3.2px) * 0.899), 26px);font-style:normal;font-weight:400\">It&#8217;s more than a playlist. The soundtrack to your most intimate sides. A world to discover, one that hides many secrets. With each immersion, you find something new. The end of everything and the new beginning. The atmosphere is conducive. To feel safe. To escape or face up. To take risks. You&#8217;ve been through a lot. Whatever happens, we will always love you.<\/p>\n\n\n\n<figure class=\"wp-block-image\" style=\"margin-top:var(--wp--preset--spacing--30);margin-bottom:var(--wp--preset--spacing--30)\"><img decoding=\"async\" src=\"https:\/\/moondancingmusic.com\/wp-content\/uploads\/2026\/01\/japan-bars-2-1024x816.jpg\" alt=\"\"\/><\/figure>\n\n\n\n<figure class=\"wp-block-image\" style=\"margin-top:var(--wp--preset--spacing--50);margin-bottom:var(--wp--preset--spacing--50)\"><img decoding=\"async\" src=\"https:\/\/moondancingmusic.com\/wp-content\/uploads\/2026\/01\/date-wide-1024x820.png\" alt=\"\"\/><\/figure>\n\n\n\n<p><\/p>\n\n\n\n<h2 class=\"wp-block-heading has-text-align-left newsletter-naglowek has-audiowide-font-family\" style=\"padding-top:var(--wp--preset--spacing--50);padding-bottom:0;font-size:clamp(31.152px, 1.947rem + ((1vw - 3.2px) * 2.338), 55px);line-height:1.7\"><strong>WHAT DO YOU<br> DREAM OF?<\/strong><\/h2>\n\n\n<style id=\"wpforms-css-vars-434-block-365fe15e-de65-450f-ac7a-183fe8419ae1\">\n\t\t\t\t#wpforms-434.wpforms-block-365fe15e-de65-450f-ac7a-183fe8419ae1 {\n\t\t\t\t--wpforms-label-color: rgba(0, 0, 0, 0.85);\n--wpforms-label-sublabel-color: rgba(0, 0, 0, 0.55);\n--wpforms-label-error-color: #111111;\n--wpforms-field-background-color: #000000;\n--wpforms-field-border-color: rgba(0, 0, 0, 0.25);\n--wpforms-field-border-color-spare: rgba(0, 0, 0, 0.25);\n--wpforms-field-text-color: #f2295b;\n--wpforms-button-background-color: #000000;\n--wpforms-button-text-color: #f2295b;\n--wpforms-field-size-input-height: 43px;\n--wpforms-field-size-input-spacing: 15px;\n--wpforms-field-size-font-size: 16px;\n--wpforms-field-size-line-height: 19px;\n--wpforms-field-size-padding-h: 14px;\n--wpforms-field-size-checkbox-size: 16px;\n--wpforms-field-size-sublabel-spacing: 5px;\n--wpforms-field-size-icon-size: 1;\n--wpforms-label-size-font-size: 16px;\n--wpforms-label-size-line-height: 19px;\n--wpforms-label-size-sublabel-font-size: 14px;\n--wpforms-label-size-sublabel-line-height: 17px;\n--wpforms-button-size-font-size: 17px;\n--wpforms-button-size-height: 41px;\n--wpforms-button-size-padding-h: 15px;\n--wpforms-button-size-margin-top: 10px;\n\t\t\t}\n\t\t\t<\/style><div class=\"wpforms-container wpforms-container-full wpforms-block wpforms-block-365fe15e-de65-450f-ac7a-183fe8419ae1 wpforms-render-modern\" id=\"wpforms-434\"><form id=\"wpforms-form-434\" class=\"wpforms-validate wpforms-form wpforms-ajax-form\" data-formid=\"434\" method=\"post\" enctype=\"multipart\/form-data\" action=\"\/index.php?rest_route=%2Fwp%2Fv2%2Fpages%2F13\" data-token=\"68a431f5851220768c2cbcd2b193bbae\" data-token-time=\"1776510256\"><noscript class=\"wpforms-error-noscript\">Aby wype\u0142ni\u0107 ten formularz, w\u0142\u0105cz obs\u0142ug\u0119 JavaScript w przegl\u0105darce.<\/noscript><div id=\"wpforms-error-noscript\" style=\"display: none;\">Aby wype\u0142ni\u0107 ten formularz, w\u0142\u0105cz obs\u0142ug\u0119 JavaScript w przegl\u0105darce.<\/div><div class=\"wpforms-field-container\"><div id=\"wpforms-434-field_1-container\" class=\"wpforms-field wpforms-field-name\" data-field-id=\"1\"><fieldset><legend class=\"wpforms-field-label\">Name <span class=\"wpforms-required-label\" aria-hidden=\"true\">*<\/span><\/legend><div class=\"wpforms-field-row wpforms-field-large\"><div class=\"wpforms-field-row-block wpforms-first wpforms-one-half\"><input type=\"text\" id=\"wpforms-434-field_1\" class=\"wpforms-field-name-first wpforms-field-required\" name=\"wpforms[fields][1][first]\" aria-errormessage=\"wpforms-434-field_1-error\" required><label for=\"wpforms-434-field_1\" class=\"wpforms-field-sublabel after wpforms-sublabel-hide\">Pierwszy<\/label><\/div><div class=\"wpforms-field-row-block wpforms-one-half\"><input type=\"text\" id=\"wpforms-434-field_1-last\" class=\"wpforms-field-name-last wpforms-field-required\" name=\"wpforms[fields][1][last]\" aria-errormessage=\"wpforms-434-field_1-last-error\" required><label for=\"wpforms-434-field_1-last\" class=\"wpforms-field-sublabel after wpforms-sublabel-hide\">Ostatni<\/label><\/div><\/div><\/fieldset><\/div><div id=\"wpforms-434-field_2-container\" class=\"wpforms-field wpforms-field-email\" data-field-id=\"2\"><label class=\"wpforms-field-label\" for=\"wpforms-434-field_2\">Email <span class=\"wpforms-required-label\" aria-hidden=\"true\">*<\/span><\/label><input type=\"email\" id=\"wpforms-434-field_2\" class=\"wpforms-field-large wpforms-field-required\" name=\"wpforms[fields][2]\" spellcheck=\"false\" aria-errormessage=\"wpforms-434-field_2-error\" required><\/div>\t\t<div id=\"wpforms-434-field_3-container\"\n\t\t\tclass=\"wpforms-field wpforms-field-text\"\n\t\t\tdata-field-type=\"text\"\n\t\t\tdata-field-id=\"3\"\n\t\t\t>\n\t\t\t<label class=\"wpforms-field-label\" for=\"wpforms-434-field_3\" >Name Email I<\/label>\n\t\t\t<input type=\"text\" id=\"wpforms-434-field_3\" class=\"wpforms-field-medium\" name=\"wpforms[fields][3]\" >\n\t\t<\/div>\n\t\t<div id=\"wpforms-434-field_6-container\" class=\"wpforms-field wpforms-field-textarea\" data-field-id=\"6\"><label class=\"wpforms-field-label\" for=\"wpforms-434-field_6\">I dream of&#8230; <span class=\"wpforms-required-label\" aria-hidden=\"true\">*<\/span><\/label><textarea id=\"wpforms-434-field_6\" class=\"wpforms-field-medium wpforms-field-required\" name=\"wpforms[fields][6]\" aria-errormessage=\"wpforms-434-field_6-error\" required><\/textarea><\/div><script>\n\t\t\t\t( function() {\n\t\t\t\t\tconst style = document.createElement( 'style' );\n\t\t\t\t\tstyle.appendChild( document.createTextNode( '#wpforms-434-field_3-container { position: absolute !important; overflow: hidden !important; display: inline !important; height: 1px !important; width: 1px !important; z-index: -1000 !important; padding: 0 !important; } #wpforms-434-field_3-container input { visibility: hidden; } #wpforms-conversational-form-page #wpforms-434-field_3-container label { counter-increment: none; }' ) );\n\t\t\t\t\tdocument.head.appendChild( style );\n\t\t\t\t\tdocument.currentScript?.remove();\n\t\t\t\t} )();\n\t\t\t<\/script><\/div><!-- .wpforms-field-container --><div class=\"wpforms-submit-container\" ><input type=\"hidden\" name=\"wpforms[id]\" value=\"434\"><input type=\"hidden\" name=\"page_title\" value=\"\"><input type=\"hidden\" name=\"page_url\" value=\"https:\/\/moondancingmusic.com\/index.php?rest_route=\/wp\/v2\/pages\/13\"><input type=\"hidden\" name=\"url_referer\" value=\"\"><button type=\"submit\" name=\"wpforms[submit]\" id=\"wpforms-submit-434\" class=\"wpforms-submit\" data-alt-text=\"Sending...\" data-submit-text=\"Sign up\" aria-live=\"assertive\" value=\"wpforms-submit\">Sign up<\/button><img loading=\"lazy\" decoding=\"async\" src=\"https:\/\/moondancingmusic.com\/wp-content\/plugins\/wpforms-lite\/assets\/images\/submit-spin.svg\" class=\"wpforms-submit-spinner\" style=\"display: none;\" width=\"26\" height=\"26\" alt=\"Wczytywanie\"><\/div><\/form><\/div>  <!-- .wpforms-container -->\n\n\n<p><\/p>\n","protected":false},"excerpt":{"rendered":"<p>THE KANJI The Kanji is a Poland based project going beyond the genre pigeonhole, offering a unique, highly reflective take on the themes of vulnerability, emotional state and self-discovery. A stream of consciousness expressed in low frequencies and high BPMs with an experimental twist. For those who seek authenticity, depth and find beauty in the [&hellip;]<\/p>\n","protected":false},"author":1,"featured_media":0,"parent":0,"menu_order":0,"comment_status":"closed","ping_status":"closed","template":"","meta":{"footnotes":""},"class_list":["post-13","page","type-page","status-publish","hentry"],"_links":{"self":[{"href":"https:\/\/moondancingmusic.com\/index.php?rest_route=\/wp\/v2\/pages\/13","targetHints":{"allow":["GET"]}}],"collection":[{"href":"https:\/\/moondancingmusic.com\/index.php?rest_route=\/wp\/v2\/pages"}],"about":[{"href":"https:\/\/moondancingmusic.com\/index.php?rest_route=\/wp\/v2\/types\/page"}],"author":[{"embeddable":true,"href":"https:\/\/moondancingmusic.com\/index.php?rest_route=\/wp\/v2\/users\/1"}],"replies":[{"embeddable":true,"href":"https:\/\/moondancingmusic.com\/index.php?rest_route=%2Fwp%2Fv2%2Fcomments&post=13"}],"version-history":[{"count":372,"href":"https:\/\/moondancingmusic.com\/index.php?rest_route=\/wp\/v2\/pages\/13\/revisions"}],"predecessor-version":[{"id":765,"href":"https:\/\/moondancingmusic.com\/index.php?rest_route=\/wp\/v2\/pages\/13\/revisions\/765"}],"wp:attachment":[{"href":"https:\/\/moondancingmusic.com\/index.php?rest_route=%2Fwp%2Fv2%2Fmedia&parent=13"}],"curies":[{"name":"wp","href":"https:\/\/api.w.org\/{rel}","templated":true}]}}